{"id":104,"date":"2015-12-08T15:55:18","date_gmt":"2015-12-08T13:55:18","guid":{"rendered":"http:\/\/test4.adsun.sk\/?page_id=104"},"modified":"2026-03-13T16:30:41","modified_gmt":"2026-03-13T14:30:41","slug":"standardy-kvality-energy","status":"publish","type":"page","link":"https:\/\/www.paroplyn.sk\/sk_SK\/standardy-kvality-energy\/","title":{"rendered":"\u0160tandardy kvality"},"content":{"rendered":"<div id=\"slider\">\u00a0\n<div id=\"rev_slider_1_1_wrapper\" class=\"rev_slider_wrapper fullwidthbanner-container\" style=\"float:left;background-color:#E9E9E9;padding:0px;margin-left:0px;margin-right:0px;margin-top:0px;margin-bottom:0px;max-height:322px;\">\n<!-- START REVOLUTION SLIDER 4.6.5 fullwidth mode -->\n\t<div id=\"rev_slider_1_1\" class=\"rev_slider fullwidthabanner\" style=\"display:none;max-height:322px;height:322px;\">\n<ul>\t<!-- SLIDE  -->\n\t<li data-transition=\"random-premium\" data-slotamount=\"7\" data-masterspeed=\"300\"  data-saveperformance=\"off\" >\n\t\t<!-- MAIN IMAGE -->\n\t\t<img src=\"https:\/\/www.paroplyn.sk\/wp-content\/uploads\/2015\/11\/slide1.png\"  alt=\"slide1\"  data-bgposition=\"center top\" data-bgfit=\"cover\" data-bgrepeat=\"no-repeat\">\n\t\t<!-- LAYERS -->\n\t<\/li>\n\t<!-- SLIDE  -->\n\t<li data-transition=\"random-premium\" data-slotamount=\"7\" data-masterspeed=\"300\"  data-saveperformance=\"off\" >\n\t\t<!-- MAIN IMAGE -->\n\t\t<img src=\"https:\/\/www.paroplyn.sk\/wp-content\/uploads\/2015\/11\/slide2.png\"  alt=\"slide2\"  data-bgposition=\"center top\" data-bgfit=\"cover\" data-bgrepeat=\"no-repeat\">\n\t\t<!-- LAYERS -->\n\t<\/li>\n\t<!-- SLIDE  -->\n\t<li data-transition=\"random-premium\" data-slotamount=\"7\" data-masterspeed=\"300\"  data-saveperformance=\"off\" >\n\t\t<!-- MAIN IMAGE -->\n\t\t<img src=\"https:\/\/www.paroplyn.sk\/wp-content\/uploads\/2015\/11\/slide3.png\"  alt=\"slide3\"  data-bgposition=\"center top\" data-bgfit=\"cover\" data-bgrepeat=\"no-repeat\">\n\t\t<!-- LAYERS -->\n\t<\/li>\n<\/ul>\n<div class=\"tp-bannertimer\"><\/div>\t<\/div>\n\t\t\t\n\n\t\t\t<style scoped><\/style>\n\n\t\t\t<script type=\"text\/javascript\">\n\n\t\t\t\t\/******************************************\n\t\t\t\t\t-\tPREPARE PLACEHOLDER FOR SLIDER\t-\n\t\t\t\t******************************************\/\n\t\t\t\t\n\n\t\t\t\tvar setREVStartSize = function() {\n\t\t\t\t\tvar\ttpopt = new Object();\n\t\t\t\t\t\ttpopt.startwidth = 704;\n\t\t\t\t\t\ttpopt.startheight = 322;\n\t\t\t\t\t\ttpopt.container = jQuery('#rev_slider_1_1');\n\t\t\t\t\t\ttpopt.fullScreen = \"off\";\n\t\t\t\t\t\ttpopt.forceFullWidth=\"off\";\n\n\t\t\t\t\ttpopt.container.closest(\".rev_slider_wrapper\").css({height:tpopt.container.height()});tpopt.width=parseInt(tpopt.container.width(),0);tpopt.height=parseInt(tpopt.container.height(),0);tpopt.bw=tpopt.width\/tpopt.startwidth;tpopt.bh=tpopt.height\/tpopt.startheight;if(tpopt.bh>tpopt.bw)tpopt.bh=tpopt.bw;if(tpopt.bh<tpopt.bw)tpopt.bw=tpopt.bh;if(tpopt.bw<tpopt.bh)tpopt.bh=tpopt.bw;if(tpopt.bh>1){tpopt.bw=1;tpopt.bh=1}if(tpopt.bw>1){tpopt.bw=1;tpopt.bh=1}tpopt.height=Math.round(tpopt.startheight*(tpopt.width\/tpopt.startwidth));if(tpopt.height>tpopt.startheight&&tpopt.autoHeight!=\"on\")tpopt.height=tpopt.startheight;if(tpopt.fullScreen==\"on\"){tpopt.height=tpopt.bw*tpopt.startheight;var cow=tpopt.container.parent().width();var coh=jQuery(window).height();if(tpopt.fullScreenOffsetContainer!=undefined){try{var offcontainers=tpopt.fullScreenOffsetContainer.split(\",\");jQuery.each(offcontainers,function(e,t){coh=coh-jQuery(t).outerHeight(true);if(coh<tpopt.minFullScreenHeight)coh=tpopt.minFullScreenHeight})}catch(e){}}tpopt.container.parent().height(coh);tpopt.container.height(coh);tpopt.container.closest(\".rev_slider_wrapper\").height(coh);tpopt.container.closest(\".forcefullwidth_wrapper_tp_banner\").find(\".tp-fullwidth-forcer\").height(coh);tpopt.container.css({height:\"100%\"});tpopt.height=coh;}else{tpopt.container.height(tpopt.height);tpopt.container.closest(\".rev_slider_wrapper\").height(tpopt.height);tpopt.container.closest(\".forcefullwidth_wrapper_tp_banner\").find(\".tp-fullwidth-forcer\").height(tpopt.height);}\n\t\t\t\t};\n\n\t\t\t\t\/* CALL PLACEHOLDER *\/\n\t\t\t\tsetREVStartSize();\n\n\n\t\t\t\tvar tpj=jQuery;\n\t\t\t\ttpj.noConflict();\n\t\t\t\tvar revapi1;\n\n\t\t\t\ttpj(document).ready(function() {\n\n\t\t\t\tif(tpj('#rev_slider_1_1').revolution == undefined){\n\t\t\t\t\trevslider_showDoubleJqueryError('#rev_slider_1_1');\n\t\t\t\t}else{\n\t\t\t\t   revapi1 = tpj('#rev_slider_1_1').show().revolution(\n\t\t\t\t\t{\t\n\t\t\t\t\t\t\t\t\t\t\t\tdottedOverlay:\"none\",\n\t\t\t\t\t\tdelay:9000,\n\t\t\t\t\t\tstartwidth:704,\n\t\t\t\t\t\tstartheight:322,\n\t\t\t\t\t\thideThumbs:200,\n\n\t\t\t\t\t\tthumbWidth:100,\n\t\t\t\t\t\tthumbHeight:50,\n\t\t\t\t\t\tthumbAmount:3,\n\t\t\t\t\t\t\n\t\t\t\t\t\t\t\t\t\t\t\t\n\t\t\t\t\t\tsimplifyAll:\"off\",\n\n\t\t\t\t\t\tnavigationType:\"bullet\",\n\t\t\t\t\t\tnavigationArrows:\"solo\",\n\t\t\t\t\t\tnavigationStyle:\"round\",\n\n\t\t\t\t\t\ttouchenabled:\"on\",\n\t\t\t\t\t\tonHoverStop:\"on\",\n\t\t\t\t\t\tnextSlideOnWindowFocus:\"off\",\n\n\t\t\t\t\t\tswipe_threshold: 75,\n\t\t\t\t\t\tswipe_min_touches: 1,\n\t\t\t\t\t\tdrag_block_vertical: false,\n\t\t\t\t\t\t\n\t\t\t\t\t\t\t\t\t\t\t\t\n\t\t\t\t\t\t\t\t\t\t\t\t\n\t\t\t\t\t\tkeyboardNavigation:\"off\",\n\n\t\t\t\t\t\tnavigationHAlign:\"center\",\n\t\t\t\t\t\tnavigationVAlign:\"bottom\",\n\t\t\t\t\t\tnavigationHOffset:0,\n\t\t\t\t\t\tnavigationVOffset:20,\n\n\t\t\t\t\t\tsoloArrowLeftHalign:\"left\",\n\t\t\t\t\t\tsoloArrowLeftValign:\"center\",\n\t\t\t\t\t\tsoloArrowLeftHOffset:20,\n\t\t\t\t\t\tsoloArrowLeftVOffset:0,\n\n\t\t\t\t\t\tsoloArrowRightHalign:\"right\",\n\t\t\t\t\t\tsoloArrowRightValign:\"center\",\n\t\t\t\t\t\tsoloArrowRightHOffset:20,\n\t\t\t\t\t\tsoloArrowRightVOffset:0,\n\n\t\t\t\t\t\tshadow:2,\n\t\t\t\t\t\tfullWidth:\"on\",\n\t\t\t\t\t\tfullScreen:\"off\",\n\n\t\t\t\t\t\t\t\t\t\t\t\tspinner:\"spinner0\",\n\t\t\t\t\t\t\t\t\t\t\t\t\n\t\t\t\t\t\tstopLoop:\"off\",\n\t\t\t\t\t\tstopAfterLoops:-1,\n\t\t\t\t\t\tstopAtSlide:-1,\n\n\t\t\t\t\t\tshuffle:\"off\",\n\n\t\t\t\t\t\tautoHeight:\"off\",\n\t\t\t\t\t\tforceFullWidth:\"off\",\n\t\t\t\t\t\t\n\t\t\t\t\t\t\n\t\t\t\t\t\t\n\t\t\t\t\t\thideThumbsOnMobile:\"off\",\n\t\t\t\t\t\thideNavDelayOnMobile:1500,\n\t\t\t\t\t\thideBulletsOnMobile:\"off\",\n\t\t\t\t\t\thideArrowsOnMobile:\"off\",\n\t\t\t\t\t\thideThumbsUnderResolution:0,\n\n\t\t\t\t\t\t\t\t\t\t\t\thideSliderAtLimit:0,\n\t\t\t\t\t\thideCaptionAtLimit:0,\n\t\t\t\t\t\thideAllCaptionAtLilmit:0,\n\t\t\t\t\t\tstartWithSlide:0\t\t\t\t\t});\n\n\n\n\t\t\t\t\t\t\t\t\t}\n\t\t\t\t});\t\/*ready*\/\n\n\t\t\t<\/script>\n\n\n\t\t\t<\/div><!-- END REVOLUTION SLIDER --><\/div>\n<ul id=\"submenu\">\n<li><a href=\"http:\/\/www.paroplyn.sk\/oznamy\/\">Oznamy<\/a><\/li>\n<li><a href=\"http:\/\/www.paroplyn.sk\/akcionar\/\">Akcion\u00e1r<\/a><\/li>\n<li><a href=\"http:\/\/www.paroplyn.sk\/zona-pre-registrovanych-uzivatelov\/\">Z\u00f3na pre registrovan\u00fdch u\u017e\u00edvatelov<\/a><\/li>\n<li><a href=\"http:\/\/www.paroplyn.sk\/uzitocne-linky\/\">U\u017eito\u010dn\u00e9 linky<\/a><\/li>\n<\/ul>\n<h2>\u0160tandardy kvality<\/h2>\n<h2>Teplo:<\/h2>\n<ul>\n<li><a href=\"https:\/\/www.paroplyn.sk\/wp-content\/uploads\/2026\/03\/Standardy-kvality-dodavky-tepla-2025.pdf\">\u0160tandardy kvality dod\u00e1vky tepla 2025<\/a><\/li>\n<li><a href=\"https:\/\/www.paroplyn.sk\/wp-content\/uploads\/2025\/05\/PPC-E-URSO_standardy-kvality-teplo_2024.pdf\">\u0160tandardy kvality dod\u00e1vky tepla 2024<\/a>\n<ul>\n<li><a href=\"https:\/\/www.paroplyn.sk\/wp-content\/uploads\/2025\/05\/formular_PPC-Energy-URSO_SK-Teplo-2024.pdf\">formul\u00e1r pre \u0161tandard kvality tepla 2024<\/a><\/li>\n<\/ul>\n<\/li>\n<li><a href=\"https:\/\/www.paroplyn.sk\/wp-content\/uploads\/2024\/02\/Standardy-kvality-dodavky-tepla-2023.pdf\">\u0160tandardy kvality dod\u00e1vky tepla 2023<\/a>\n<ul>\n<li><a href=\"https:\/\/www.paroplyn.sk\/wp-content\/uploads\/2024\/02\/formular-pre-standard-kvality-tepla-2023.pdf\">formul\u00e1r pre \u0161tandard kvality tepla 2023<\/a><\/li>\n<\/ul>\n<\/li>\n<li><a href=\"https:\/\/www.paroplyn.sk\/wp-content\/uploads\/2023\/02\/Standardy-kvality-dodavky-tepla-2022-1.pdf\">\u0160tandardy kvality dod\u00e1vky tepla 2022<\/a>\n<ul>\n<li><a href=\"https:\/\/www.paroplyn.sk\/wp-content\/uploads\/2023\/02\/formular-pre-standard-kvality-tepla-2022-1.pdf\">formul\u00e1r pre \u0161tandard kvality tepla 2022<\/a><\/li>\n<\/ul>\n<\/li>\n<li><a href=\"https:\/\/www.paroplyn.sk\/wp-content\/uploads\/2022\/02\/PPCE_Standardy-kvality-dodavky-tepla-2021.pdf\" target=\"_blank\" rel=\"noopener\">\u0160tandardy kvality dod\u00e1vky tepla 2021<\/a>\n<ul>\n<li><a href=\"https:\/\/www.paroplyn.sk\/wp-content\/uploads\/2022\/02\/formular_PPC-Energy-URSO_SK-Teplo-2021.pdf\">Formul\u00e1r pre \u0161tandard kvality 2021<\/a><\/li>\n<\/ul>\n<\/li>\n<li><a href=\"https:\/\/www.paroplyn.sk\/wp-content\/uploads\/2022\/02\/list_PPC-I-URSO_standardy-kvality-teplo_2020.pdf\">\u0160tandardy kvality dod\u00e1vky tepla 2020<\/a><\/li>\n<li><a href=\"https:\/\/www.paroplyn.sk\/wp-content\/uploads\/2015\/12\/\u0160tandardy-kvality-dod\u00e1vky-tepla-2019-2.pdf\" rel=\"\">\u0160tandardy kvality dod\u00e1vky tepla 2019<\/a><\/li>\n<li><a href=\"https:\/\/www.paroplyn.sk\/wp-content\/uploads\/2015\/12\/\u0160tandardy-kvality-dod\u00e1vky-tepla-2018.pdf\" rel=\"\">\u0160tandardy kvality dod\u00e1vky tepla 2018<\/a><\/li>\n<li><a href=\"https:\/\/www.paroplyn.sk\/wp-content\/uploads\/2015\/12\/PPC-E-\u0160tandardy-kvality-dod\u00e1vky-tepla-2017.pdf\" rel=\"\">\u0160tandardy kvality dod\u00e1vky tepla 2017<\/a><\/li>\n<li><a href=\"http:\/\/www.paroplyn.sk\/wp-content\/uploads\/2017\/03\/PPC-E-\u0160tandardy-kvality-pre-dod\u00e1vku-tepla-2016.pdf\">\u0160tandardy kvality dod\u00e1vk<\/a><a href=\"http:\/\/www.paroplyn.sk\/wp-content\/uploads\/2017\/03\/PPC-E-\u0160tandardy-kvality-pre-dod\u00e1vku-tepla-2016.pdf\">y tepla 2016<\/a><\/li>\n<\/ul>\n<h2><strong>Elektrina:<\/strong><\/h2>\n<ul>\n<li><a href=\"https:\/\/www.paroplyn.sk\/wp-content\/uploads\/2026\/03\/Standardy-kvality-dodavky-elektriny-2025-1.pdf\">\u0160tandardy kvality dod\u00e1vky elektriny 2025<\/a><\/li>\n<li><a href=\"https:\/\/www.paroplyn.sk\/wp-content\/uploads\/2025\/05\/PPC-E-URSO_standardy-kvality-elektrina_2024.pdf\">\u0160tandardy kvality dod\u00e1vky elektriny 2024<\/a><\/li>\n<li><a href=\"https:\/\/www.paroplyn.sk\/wp-content\/uploads\/2024\/02\/Standardy-kvality-dodavky-elektriny-2023.pdf\">\u0160tandardy kvality dod\u00e1vky elektriny 2023<\/a><\/li>\n<li><a href=\"https:\/\/www.paroplyn.sk\/wp-content\/uploads\/2023\/02\/Standardy-kvality-dodavky-elektriny-2022-1.pdf\">\u0160tandardy kvality dod\u00e1vky elektriny 2022<\/a><\/li>\n<li><a href=\"https:\/\/www.paroplyn.sk\/wp-content\/uploads\/2022\/02\/PPCE_Standardy-kvality-dodavky-elektriny-2021.pdf\">\u0160tandardy kvality dod\u00e1vky elektriny 2021<\/a><\/li>\n<li><a href=\"https:\/\/www.paroplyn.sk\/wp-content\/uploads\/2022\/02\/list_PPC-I-URSO_standardy-kvality-elektrina_2020.pdf\">\u0160tandardy kvality dod\u00e1vky elektriny 2020<\/a><\/li>\n<li><a href=\"https:\/\/www.paroplyn.sk\/wp-content\/uploads\/2015\/12\/\u0160tandardy-kvality-dod\u00e1vky-elektriny-2019.pdf\" rel=\"\">\u0160tandardy kvality dod\u00e1vky elektriny 2019<\/a><\/li>\n<li><a href=\"https:\/\/www.paroplyn.sk\/wp-content\/uploads\/2015\/12\/\u0160tandardy-kvality-dod\u00e1vky-elektriny-2018.pdf\" rel=\"\">\u0160tandardy kvality dod\u00e1vky elektriny 2018<\/a><\/li>\n<li><a href=\"https:\/\/www.paroplyn.sk\/wp-content\/uploads\/2015\/12\/PPC-E-\u0160tandardy-kvality-dod\u00e1vky-elektriny-2017.pdf\" rel=\"\">\u0160tandardy kvality dod\u00e1vky elektriny 2017<\/a><\/li>\n<li><a href=\"http:\/\/www.paroplyn.sk\/wp-content\/uploads\/2017\/03\/PPC-E-\u0160tandardy-kvality-pre-dod\u00e1vku-elektriny-2016.pdf\">\u0160tandardy kvality dod\u00e1vky elektriny 2016<\/a><\/li>\n<li><a href=\"http:\/\/www.paroplyn.sk\/wp-content\/uploads\/2015\/12\/%C5%A0tandardy-kvality-v%C3%BDroba-a-dod%C3%A1vka-elektriny-2015.pdf\">\u0160tandardy kvality dod\u00e1vky elektriny 2015<\/a><\/li>\n<li><a href=\"http:\/\/www.paroplyn.sk\/wp-content\/uploads\/2015\/12\/\u0160tandardy-kvality-dod\u00e1vky-elektriny-2014-1.pdf\" rel=\"\">\u0160tandardy kvality dod\u00e1vky elektriny 2014<\/a><\/li>\n<li><a href=\"http:\/\/www.paroplyn.sk\/wp-content\/uploads\/2015\/12\/\u0160tandardy-kvality-dod\u00e1vky-elektriny-2013-1.pdf\" rel=\"\">\u0160tandardy kvality dod\u00e1vky elektriny 2013<\/a><\/li>\n<\/ul>\n<h2><strong>Plyn:<\/strong><\/h2>\n<ul>\n<li><a href=\"https:\/\/www.paroplyn.sk\/wp-content\/uploads\/2024\/02\/Standardy-kvality-dodavky-plynu-2023.pdf\">\u0160tandardy kvality dod\u00e1vky plynu 2023<\/a><\/li>\n<li><a href=\"https:\/\/www.paroplyn.sk\/wp-content\/uploads\/2023\/02\/Standardy-kvality-dodavky-plynu-2022-1.pdf\">\u0160tandardy kvality dod\u00e1vky plynu 2022<\/a><\/li>\n<li><a href=\"https:\/\/www.paroplyn.sk\/wp-content\/uploads\/2022\/02\/PPCE_Standardy-kvality-dodavky-plynu-2021.pdf\">\u0160tandardy kvality dod\u00e1vky plynu 2021<\/a><\/li>\n<li><a href=\"https:\/\/www.paroplyn.sk\/wp-content\/uploads\/2022\/02\/list_PPC-E-URSO_standardy-kvality-plyn_2020.pdf\" rel=\"\">\u0160tandardy kvality dod\u00e1vky plynu 2020<\/a><\/li>\n<li><a href=\"https:\/\/www.paroplyn.sk\/wp-content\/uploads\/2015\/12\/\u0160tandardy-kvality-dod\u00e1vky-plynu-2019.pdf\" rel=\"\">\u0160tandardy kvality dod\u00e1vky plynu 2019<\/a><\/li>\n<li><a href=\"https:\/\/www.paroplyn.sk\/wp-content\/uploads\/2015\/12\/\u0160tandardy-kvality-dod\u00e1vky-plynu-2018.pdf\" rel=\"\">\u0160tandardy kvality dod\u00e1vky plynu 2018<\/a><\/li>\n<li><a href=\"https:\/\/www.paroplyn.sk\/wp-content\/uploads\/2015\/12\/PPC-E-\u0160tandardy-kvality-dod\u00e1vky-plynu-2017.pdf\" rel=\"\">\u0160tandardy kvality dod\u00e1vky plynu 2017<\/a><\/li>\n<li><a href=\"http:\/\/www.paroplyn.sk\/wp-content\/uploads\/2017\/03\/PPC-E-\u0160tandardy-kvality-pre-plyn-2016.pdf\">\u0160tandardy kvality dod\u00e1vky plynu 2016<\/a><\/li>\n<li><a href=\"http:\/\/www.paroplyn.sk\/wp-content\/uploads\/2015\/12\/\u0160tandardy-kvality-dod\u00e1vky-plynu-2015.pdf\" rel=\"\">\u0160tandardy kvality dod\u00e1vky plynu 2015<\/a><\/li>\n<li><a href=\"http:\/\/www.paroplyn.sk\/wp-content\/uploads\/2015\/12\/\u0160tandardy-kvality-dod\u00e1vky-plynu-2014-1.pdf\" rel=\"\">\u0160tandardy kvality dod\u00e1vky plynu 2014<\/a><\/li>\n<li><a href=\"http:\/\/www.paroplyn.sk\/wp-content\/uploads\/2015\/12\/\u0160tandardy-kvality-dod\u00e1vky-plynu-2013-1.pdf\" rel=\"\">\u0160tandardy kvality dod\u00e1vky plynu 2013<\/a><\/li>\n<\/ul>\n","protected":false},"excerpt":{"rendered":"<p>\u00a0 Oznamy Akcion\u00e1r Z\u00f3na pre registrovan\u00fdch u\u017e\u00edvatelov U\u017eito\u010dn\u00e9 linky \u0160tandardy kvality Teplo: \u0160tandardy kvality dod\u00e1vky tepla 2025 \u0160tandardy kvality dod\u00e1vky tepla 2024 formul\u00e1r pre \u0161tandard&#8230;<\/p>\n","protected":false},"author":1,"featured_media":0,"parent":0,"menu_order":0,"comment_status":"closed","ping_status":"closed","template":"","meta":[],"_links":{"self":[{"href":"https:\/\/www.paroplyn.sk\/sk_SK\/wp-json\/wp\/v2\/pages\/104"}],"collection":[{"href":"https:\/\/www.paroplyn.sk\/sk_SK\/wp-json\/wp\/v2\/pages"}],"about":[{"href":"https:\/\/www.paroplyn.sk\/sk_SK\/wp-json\/wp\/v2\/types\/page"}],"author":[{"embeddable":true,"href":"https:\/\/www.paroplyn.sk\/sk_SK\/wp-json\/wp\/v2\/users\/1"}],"replies":[{"embeddable":true,"href":"https:\/\/www.paroplyn.sk\/sk_SK\/wp-json\/wp\/v2\/comments?post=104"}],"version-history":[{"count":51,"href":"https:\/\/www.paroplyn.sk\/sk_SK\/wp-json\/wp\/v2\/pages\/104\/revisions"}],"predecessor-version":[{"id":1407,"href":"https:\/\/www.paroplyn.sk\/sk_SK\/wp-json\/wp\/v2\/pages\/104\/revisions\/1407"}],"wp:attachment":[{"href":"https:\/\/www.paroplyn.sk\/sk_SK\/wp-json\/wp\/v2\/media?parent=104"}],"curies":[{"name":"wp","href":"https:\/\/api.w.org\/{rel}","templated":true}]}}