{"id":102,"date":"2015-12-08T15:55:00","date_gmt":"2015-12-08T13:55:00","guid":{"rendered":"http:\/\/test4.adsun.sk\/?page_id=102"},"modified":"2025-05-23T15:08:42","modified_gmt":"2025-05-23T13:08:42","slug":"rozhodnutia-urso-energy","status":"publish","type":"page","link":"https:\/\/www.paroplyn.sk\/sk_SK\/rozhodnutia-urso-energy\/","title":{"rendered":"Rozhodnutia \u00daRSO"},"content":{"rendered":"<div id=\"slider\">\n<div id=\"rev_slider_1_1_wrapper\" class=\"rev_slider_wrapper fullwidthbanner-container\" style=\"float:left;background-color:#E9E9E9;padding:0px;margin-left:0px;margin-right:0px;margin-top:0px;margin-bottom:0px;max-height:322px;\">\n<!-- START REVOLUTION SLIDER 4.6.5 fullwidth mode -->\n\t<div id=\"rev_slider_1_1\" class=\"rev_slider fullwidthabanner\" style=\"display:none;max-height:322px;height:322px;\">\n<ul>\t<!-- SLIDE  -->\n\t<li data-transition=\"random-premium\" data-slotamount=\"7\" data-masterspeed=\"300\"  data-saveperformance=\"off\" >\n\t\t<!-- MAIN IMAGE -->\n\t\t<img src=\"https:\/\/www.paroplyn.sk\/wp-content\/uploads\/2015\/11\/slide1.png\"  alt=\"slide1\"  data-bgposition=\"center top\" data-bgfit=\"cover\" data-bgrepeat=\"no-repeat\">\n\t\t<!-- LAYERS -->\n\t<\/li>\n\t<!-- SLIDE  -->\n\t<li data-transition=\"random-premium\" data-slotamount=\"7\" data-masterspeed=\"300\"  data-saveperformance=\"off\" >\n\t\t<!-- MAIN IMAGE -->\n\t\t<img src=\"https:\/\/www.paroplyn.sk\/wp-content\/uploads\/2015\/11\/slide2.png\"  alt=\"slide2\"  data-bgposition=\"center top\" data-bgfit=\"cover\" data-bgrepeat=\"no-repeat\">\n\t\t<!-- LAYERS -->\n\t<\/li>\n\t<!-- SLIDE  -->\n\t<li data-transition=\"random-premium\" data-slotamount=\"7\" data-masterspeed=\"300\"  data-saveperformance=\"off\" >\n\t\t<!-- MAIN IMAGE -->\n\t\t<img src=\"https:\/\/www.paroplyn.sk\/wp-content\/uploads\/2015\/11\/slide3.png\"  alt=\"slide3\"  data-bgposition=\"center top\" data-bgfit=\"cover\" data-bgrepeat=\"no-repeat\">\n\t\t<!-- LAYERS -->\n\t<\/li>\n<\/ul>\n<div class=\"tp-bannertimer\"><\/div>\t<\/div>\n\t\t\t\n\n\t\t\t<style scoped><\/style>\n\n\t\t\t<script type=\"text\/javascript\">\n\n\t\t\t\t\/******************************************\n\t\t\t\t\t-\tPREPARE PLACEHOLDER FOR SLIDER\t-\n\t\t\t\t******************************************\/\n\t\t\t\t\n\n\t\t\t\tvar setREVStartSize = function() {\n\t\t\t\t\tvar\ttpopt = new Object();\n\t\t\t\t\t\ttpopt.startwidth = 704;\n\t\t\t\t\t\ttpopt.startheight = 322;\n\t\t\t\t\t\ttpopt.container = jQuery('#rev_slider_1_1');\n\t\t\t\t\t\ttpopt.fullScreen = \"off\";\n\t\t\t\t\t\ttpopt.forceFullWidth=\"off\";\n\n\t\t\t\t\ttpopt.container.closest(\".rev_slider_wrapper\").css({height:tpopt.container.height()});tpopt.width=parseInt(tpopt.container.width(),0);tpopt.height=parseInt(tpopt.container.height(),0);tpopt.bw=tpopt.width\/tpopt.startwidth;tpopt.bh=tpopt.height\/tpopt.startheight;if(tpopt.bh>tpopt.bw)tpopt.bh=tpopt.bw;if(tpopt.bh<tpopt.bw)tpopt.bw=tpopt.bh;if(tpopt.bw<tpopt.bh)tpopt.bh=tpopt.bw;if(tpopt.bh>1){tpopt.bw=1;tpopt.bh=1}if(tpopt.bw>1){tpopt.bw=1;tpopt.bh=1}tpopt.height=Math.round(tpopt.startheight*(tpopt.width\/tpopt.startwidth));if(tpopt.height>tpopt.startheight&&tpopt.autoHeight!=\"on\")tpopt.height=tpopt.startheight;if(tpopt.fullScreen==\"on\"){tpopt.height=tpopt.bw*tpopt.startheight;var cow=tpopt.container.parent().width();var coh=jQuery(window).height();if(tpopt.fullScreenOffsetContainer!=undefined){try{var offcontainers=tpopt.fullScreenOffsetContainer.split(\",\");jQuery.each(offcontainers,function(e,t){coh=coh-jQuery(t).outerHeight(true);if(coh<tpopt.minFullScreenHeight)coh=tpopt.minFullScreenHeight})}catch(e){}}tpopt.container.parent().height(coh);tpopt.container.height(coh);tpopt.container.closest(\".rev_slider_wrapper\").height(coh);tpopt.container.closest(\".forcefullwidth_wrapper_tp_banner\").find(\".tp-fullwidth-forcer\").height(coh);tpopt.container.css({height:\"100%\"});tpopt.height=coh;}else{tpopt.container.height(tpopt.height);tpopt.container.closest(\".rev_slider_wrapper\").height(tpopt.height);tpopt.container.closest(\".forcefullwidth_wrapper_tp_banner\").find(\".tp-fullwidth-forcer\").height(tpopt.height);}\n\t\t\t\t};\n\n\t\t\t\t\/* CALL PLACEHOLDER *\/\n\t\t\t\tsetREVStartSize();\n\n\n\t\t\t\tvar tpj=jQuery;\n\t\t\t\ttpj.noConflict();\n\t\t\t\tvar revapi1;\n\n\t\t\t\ttpj(document).ready(function() {\n\n\t\t\t\tif(tpj('#rev_slider_1_1').revolution == undefined){\n\t\t\t\t\trevslider_showDoubleJqueryError('#rev_slider_1_1');\n\t\t\t\t}else{\n\t\t\t\t   revapi1 = tpj('#rev_slider_1_1').show().revolution(\n\t\t\t\t\t{\t\n\t\t\t\t\t\t\t\t\t\t\t\tdottedOverlay:\"none\",\n\t\t\t\t\t\tdelay:9000,\n\t\t\t\t\t\tstartwidth:704,\n\t\t\t\t\t\tstartheight:322,\n\t\t\t\t\t\thideThumbs:200,\n\n\t\t\t\t\t\tthumbWidth:100,\n\t\t\t\t\t\tthumbHeight:50,\n\t\t\t\t\t\tthumbAmount:3,\n\t\t\t\t\t\t\n\t\t\t\t\t\t\t\t\t\t\t\t\n\t\t\t\t\t\tsimplifyAll:\"off\",\n\n\t\t\t\t\t\tnavigationType:\"bullet\",\n\t\t\t\t\t\tnavigationArrows:\"solo\",\n\t\t\t\t\t\tnavigationStyle:\"round\",\n\n\t\t\t\t\t\ttouchenabled:\"on\",\n\t\t\t\t\t\tonHoverStop:\"on\",\n\t\t\t\t\t\tnextSlideOnWindowFocus:\"off\",\n\n\t\t\t\t\t\tswipe_threshold: 75,\n\t\t\t\t\t\tswipe_min_touches: 1,\n\t\t\t\t\t\tdrag_block_vertical: false,\n\t\t\t\t\t\t\n\t\t\t\t\t\t\t\t\t\t\t\t\n\t\t\t\t\t\t\t\t\t\t\t\t\n\t\t\t\t\t\tkeyboardNavigation:\"off\",\n\n\t\t\t\t\t\tnavigationHAlign:\"center\",\n\t\t\t\t\t\tnavigationVAlign:\"bottom\",\n\t\t\t\t\t\tnavigationHOffset:0,\n\t\t\t\t\t\tnavigationVOffset:20,\n\n\t\t\t\t\t\tsoloArrowLeftHalign:\"left\",\n\t\t\t\t\t\tsoloArrowLeftValign:\"center\",\n\t\t\t\t\t\tsoloArrowLeftHOffset:20,\n\t\t\t\t\t\tsoloArrowLeftVOffset:0,\n\n\t\t\t\t\t\tsoloArrowRightHalign:\"right\",\n\t\t\t\t\t\tsoloArrowRightValign:\"center\",\n\t\t\t\t\t\tsoloArrowRightHOffset:20,\n\t\t\t\t\t\tsoloArrowRightVOffset:0,\n\n\t\t\t\t\t\tshadow:2,\n\t\t\t\t\t\tfullWidth:\"on\",\n\t\t\t\t\t\tfullScreen:\"off\",\n\n\t\t\t\t\t\t\t\t\t\t\t\tspinner:\"spinner0\",\n\t\t\t\t\t\t\t\t\t\t\t\t\n\t\t\t\t\t\tstopLoop:\"off\",\n\t\t\t\t\t\tstopAfterLoops:-1,\n\t\t\t\t\t\tstopAtSlide:-1,\n\n\t\t\t\t\t\tshuffle:\"off\",\n\n\t\t\t\t\t\tautoHeight:\"off\",\n\t\t\t\t\t\tforceFullWidth:\"off\",\n\t\t\t\t\t\t\n\t\t\t\t\t\t\n\t\t\t\t\t\t\n\t\t\t\t\t\thideThumbsOnMobile:\"off\",\n\t\t\t\t\t\thideNavDelayOnMobile:1500,\n\t\t\t\t\t\thideBulletsOnMobile:\"off\",\n\t\t\t\t\t\thideArrowsOnMobile:\"off\",\n\t\t\t\t\t\thideThumbsUnderResolution:0,\n\n\t\t\t\t\t\t\t\t\t\t\t\thideSliderAtLimit:0,\n\t\t\t\t\t\thideCaptionAtLimit:0,\n\t\t\t\t\t\thideAllCaptionAtLilmit:0,\n\t\t\t\t\t\tstartWithSlide:0\t\t\t\t\t});\n\n\n\n\t\t\t\t\t\t\t\t\t}\n\t\t\t\t});\t\/*ready*\/\n\n\t\t\t<\/script>\n\n\n\t\t\t<\/div><!-- END REVOLUTION SLIDER --><\/div>\n<ul id=\"submenu\">\n<li><a href=\"http:\/\/www.paroplyn.sk\/oznamy\/\">Oznamy<\/a><\/li>\n<li><a href=\"http:\/\/www.paroplyn.sk\/akcionar\/\">Akcion\u00e1r<\/a><\/li>\n<li><a href=\"http:\/\/www.paroplyn.sk\/zona-pre-registrovanych-uzivatelov\/\">Z\u00f3na pre registrovan\u00fdch u\u017e\u00edvatelov<\/a><\/li>\n<li><a href=\"http:\/\/www.paroplyn.sk\/uzitocne-linky\/\">U\u017eito\u010dn\u00e9 linky<\/a><\/li>\n<\/ul>\n<h2>Rozhodnutia \u00daRSO<\/h2>\n<p><a href=\"http:\/\/www.paroplyn.sk\/wp-content\/uploads\/2017\/02\/2016-11-11-URSO-CR-PPC-Energy-0122-2017-T.pdf\">PPC Energy &#8211; Rozhodnutie &#8211; 0122-2017- Teplo<\/a><\/p>\n<p><a href=\"http:\/\/www.paroplyn.sk\/wp-content\/uploads\/2017\/02\/2017-01-13-URSO-CR-PPC-Energy-0073-2017-E-KV.pdf\">PPC Energy &#8211; Rozhodnutie &#8211; 0073-2017-\u00a0Elektroenergetika<\/a><\/p>\n<p><a href=\"https:\/\/www.paroplyn.sk\/wp-content\/uploads\/2015\/12\/PPC-Energy_Rozhodnutie_0011_2018_teplo.pdf\" rel=\"\">PPC Energy_Rozhodnutie_0011_2018_Teplo<\/a><\/p>\n<p><a href=\"https:\/\/www.paroplyn.sk\/wp-content\/uploads\/2015\/12\/PPC-Energy_Rozhodnutie_0004_2018_Elektroenergetika.pdf\" rel=\"\">PPC Energy_Rozhodnutie_0004_2018_Elektroenergetika<\/a><\/p>\n<p><a href=\"https:\/\/www.paroplyn.sk\/wp-content\/uploads\/2015\/12\/PPC-Energy_Rozhodnutie_0078_2019_teplo.pdf\" rel=\"\">PPC Energy_Rozhodnutie_0078_2019_Teplo<\/a><\/p>\n<p><a href=\"https:\/\/www.paroplyn.sk\/wp-content\/uploads\/2015\/12\/PPC-Energy_Rozhodnutie_0073_2019_Elektroenergetika.pdf\" rel=\"\">PPC Energy_Rozhodnutie_0073_2019_Elektroenergetika<\/a><\/p>\n<p><a tabindex=\"-1\" href=\"https:\/\/www.paroplyn.sk\/wp-content\/uploads\/2015\/12\/PPC-Energy_Rozhodnutie_0026_2020_Teplo.pdf\" target=\"_blank\" rel=\"noopener\">PPC-Energy_Rozhodnutie_0026_2020_Teplo<\/a><\/p>\n<p><a tabindex=\"-1\" href=\"https:\/\/www.paroplyn.sk\/wp-content\/uploads\/2015\/12\/PPC-Energy_Rozhodnutie_0013_2020_Elektroenergetika.pdf\" target=\"_blank\" rel=\"noopener\">PPC-Energy_Rozhodnutie_0013_2020_Elektroenergetika<\/a><\/p>\n<p><a href=\"https:\/\/www.paroplyn.sk\/wp-content\/uploads\/2022\/02\/URSO_PPC_Energy_300920.pdf\">PPC Energy_Rozhodnutie_0021_2021_Elektroenergetika<\/a><\/p>\n<p><a href=\"https:\/\/www.paroplyn.sk\/wp-content\/uploads\/2022\/02\/0032_2022_E-KV_PPC-Energy-a.s..pdf\">PPC Energy_Rozhodnutie_0032_2022_Elektroenergetika<\/a><\/p>\n<p><a href=\"https:\/\/www.paroplyn.sk\/wp-content\/uploads\/2022\/12\/PPC_Energy_Rozhodnutie_0200_2023_Teplo.pdf\">PPC_Energy_Rozhodnutie_0200_2023_Teplo<\/a><\/p>\n<p><a href=\"https:\/\/www.paroplyn.sk\/wp-content\/uploads\/2025\/05\/PPC-Energy-Rozhodnutie-0183_2024_T.pdf\">PPC Energy &#8211; Rozhodnutie 0183_2024_Teplo<\/a><\/p>\n<p><a href=\"https:\/\/www.paroplyn.sk\/wp-content\/uploads\/2025\/05\/PPC-Energy-Rozhodnutie-0108_2024_Elektrina.pdf\">PPC Energy &#8211; Rozhodnutie 0108_2024_Elektrina<\/a><\/p>\n<p><a href=\"https:\/\/www.paroplyn.sk\/wp-content\/uploads\/2025\/05\/PPC-Energy-Rozhodnutie-0166_2025_T-.pdf\">PPC Energy &#8211; Rozhodnutie 0166_2025_Teplo<\/a><\/p>\n<p><a href=\"https:\/\/www.paroplyn.sk\/wp-content\/uploads\/2025\/05\/PPC-Energy-Rozhodnutie-0040_2025_Elektrina.pdf\">PPC Energy &#8211; Rozhodnutie 0040_2025_Elektrina<\/a><\/p>\n","protected":false},"excerpt":{"rendered":"<p>Oznamy Akcion\u00e1r Z\u00f3na pre registrovan\u00fdch u\u017e\u00edvatelov U\u017eito\u010dn\u00e9 linky Rozhodnutia \u00daRSO PPC Energy &#8211; Rozhodnutie &#8211; 0122-2017- Teplo PPC Energy &#8211; Rozhodnutie &#8211; 0073-2017-\u00a0Elektroenergetika PPC Energy_Rozhodnutie_0011_2018_Teplo&#8230;<\/p>\n","protected":false},"author":1,"featured_media":0,"parent":0,"menu_order":0,"comment_status":"closed","ping_status":"closed","template":"","meta":[],"_links":{"self":[{"href":"https:\/\/www.paroplyn.sk\/sk_SK\/wp-json\/wp\/v2\/pages\/102"}],"collection":[{"href":"https:\/\/www.paroplyn.sk\/sk_SK\/wp-json\/wp\/v2\/pages"}],"about":[{"href":"https:\/\/www.paroplyn.sk\/sk_SK\/wp-json\/wp\/v2\/types\/page"}],"author":[{"embeddable":true,"href":"https:\/\/www.paroplyn.sk\/sk_SK\/wp-json\/wp\/v2\/users\/1"}],"replies":[{"embeddable":true,"href":"https:\/\/www.paroplyn.sk\/sk_SK\/wp-json\/wp\/v2\/comments?post=102"}],"version-history":[{"count":25,"href":"https:\/\/www.paroplyn.sk\/sk_SK\/wp-json\/wp\/v2\/pages\/102\/revisions"}],"predecessor-version":[{"id":1377,"href":"https:\/\/www.paroplyn.sk\/sk_SK\/wp-json\/wp\/v2\/pages\/102\/revisions\/1377"}],"wp:attachment":[{"href":"https:\/\/www.paroplyn.sk\/sk_SK\/wp-json\/wp\/v2\/media?parent=102"}],"curies":[{"name":"wp","href":"https:\/\/api.w.org\/{rel}","templated":true}]}}